{"id":7641,"date":"2024-11-26T22:20:33","date_gmt":"2024-11-26T21:20:33","guid":{"rendered":"https:\/\/downhilka.si\/domov\/"},"modified":"2026-03-07T13:15:30","modified_gmt":"2026-03-07T12:15:30","slug":"domov","status":"publish","type":"page","link":"https:\/\/downhilka.si\/de\/","title":{"rendered":"Domov"},"content":{"rendered":"<p>[et_pb_section fb_built=&#8220;1&#8243; fullwidth=&#8220;on&#8220; _builder_version=&#8220;4.16&#8243; global_colors_info=&#8220;{}&#8220;][et_pb_fullwidth_image src=&#8220;https:\/\/downhilka.si\/wp-content\/uploads\/2024\/11\/COVER-WEB-DOWNHILKA_2023-png.webp&#8220; title_text=&#8220;COVER-WEB-DOWNHILKA_2023&#8243; _builder_version=&#8220;4.27.3&#8243; global_colors_info=&#8220;{}&#8220;][\/et_pb_fullwidth_image][\/et_pb_section][et_pb_section fb_built=&#8220;1&#8243; disabled_on=&#8220;off|off|on&#8220; _builder_version=&#8220;4.16&#8243; global_colors_info=&#8220;{}&#8220;][et_pb_row _builder_version=&#8220;4.16&#8243; global_colors_info=&#8220;{}&#8220;][et_pb_column type=&#8220;4_4&#8243; _builder_version=&#8220;4.16&#8243; global_colors_info=&#8220;{}&#8220;][et_pb_countdown_timer date_time=&#8220;2024-03-16 19:00&#8243; admin_label=&#8220;Countdown Timer&#8220; _builder_version=&#8220;4.24.0&#8243; global_colors_info=&#8220;{}&#8220;][\/et_pb_countdown_timer][\/et_pb_column][\/et_pb_row][\/et_pb_section][et_pb_section fb_built=&#8220;1&#8243; _builder_version=&#8220;4.16&#8243; background_color=&#8220;#ffffff&#8220; custom_margin=&#8220;-3px|||||&#8220; custom_padding=&#8220;0px||0px||false|false&#8220; global_colors_info=&#8220;{}&#8220;][et_pb_row column_structure=&#8220;1_4,1_2,1_4&#8243; _builder_version=&#8220;4.16&#8243; width=&#8220;100%&#8220; max_width=&#8220;1920px&#8220; global_colors_info=&#8220;{}&#8220;][et_pb_column type=&#8220;1_4&#8243; _builder_version=&#8220;4.16&#8243; global_colors_info=&#8220;{}&#8220;][\/et_pb_column][et_pb_column type=&#8220;1_2&#8243; _builder_version=&#8220;4.16&#8243; global_colors_info=&#8220;{}&#8220;][et_pb_text _builder_version=&#8220;4.27.3&#8243; text_font=&#8220;Ubuntu|300|||||||&#8220; text_font_size_tablet=&#8220;&#8220; text_font_size_phone=&#8220;15px&#8220; text_font_size_last_edited=&#8220;on|phone&#8220; global_colors_info=&#8220;{}&#8220;]<\/p>\n<h2 style=\"text-align: center;\"><strong>12-STUNDEN-AUSDAUERTEST<\/strong><\/h2>\n<p style=\"text-align: center;\">bei dem Skifahrer und Snowboarder auf Peca <em>(Petzen)<\/em> ihre F\u00e4higkeiten testen.<br \/>Die <em>Downhilka<\/em> wird unter der Schirmherrschaft der slowenischen Skimeisterin, zweifachen Abfahrtsweltmeisterin, <strong>Ilka \u0160tuhec<\/strong> stattfinden!<\/p>\n<p>[\/et_pb_text][\/et_pb_column][et_pb_column type=&#8220;1_4&#8243; _builder_version=&#8220;4.16&#8243; global_colors_info=&#8220;{}&#8220;][\/et_pb_column][\/et_pb_row][et_pb_row _builder_version=&#8220;4.27.3&#8243; width=&#8220;70%&#8220; max_width=&#8220;1920px&#8220; custom_margin=&#8220;||||false|false&#8220; locked=&#8220;off&#8220; global_colors_info=&#8220;{}&#8220;][et_pb_column type=&#8220;4_4&#8243; _builder_version=&#8220;4.16&#8243; global_colors_info=&#8220;{}&#8220;][et_pb_text disabled_on=&#8220;on|on|on&#8220; _builder_version=&#8220;4.27.3&#8243; text_font=&#8220;Ubuntu|300|||||||&#8220; text_text_color=&#8220;#FFFFFF&#8220; background_color=&#8220;#27b5ae&#8220; text_font_size_tablet=&#8220;&#8220; text_font_size_phone=&#8220;15px&#8220; text_font_size_last_edited=&#8220;on|phone&#8220; border_radii=&#8220;on|15px|15px|15px|15px&#8220; border_color_all=&#8220;#27b5ae&#8220; disabled=&#8220;on&#8220; global_colors_info=&#8220;{}&#8220;]<\/p>\n<p style=\"text-align: center;\">Alle angemeldeten Teilnehmer, die die Startgeb\u00fchr f\u00fcr den \u201eDownhilka 12h Challenge\u201c auf der Petzen bezahlt haben, k\u00f6nnen vom 1. Februar bis einschlie\u00dflich 13. M\u00e4rz 2026 2 tage zu einem <strong>erm\u00e4\u00dfigten Preis<\/strong> Ski fahren.<br \/>F\u00fcr sie gilt ein <strong>besonderes Angebot<\/strong> \u2013 die ganzt\u00e4gige Skikarte kostet nur <strong>20,00 \u20ac<\/strong>. Beim Kauf muss an der Kasse ein g\u00fcltiges <strong>Ausweisdokument<\/strong> vorgelegt werden.<\/p>\n<p>[\/et_pb_text][\/et_pb_column][\/et_pb_row][\/et_pb_section][et_pb_section fb_built=&#8220;1&#8243; disabled_on=&#8220;on|on|on&#8220; admin_label=&#8220;Section&#8220; _builder_version=&#8220;4.27.3&#8243; background_color=&#8220;#e8e8e8&#8243; width=&#8220;100%&#8220; custom_margin=&#8220;||-5px|||&#8220; custom_padding=&#8220;0px||0px|||&#8220; disabled=&#8220;on&#8220; global_colors_info=&#8220;{}&#8220;][\/et_pb_section][et_pb_section fb_built=&#8220;1&#8243; disabled_on=&#8220;off|off|off&#8220; admin_label=&#8220;Section&#8220; _builder_version=&#8220;4.27.3&#8243; background_color=&#8220;#e8e8e8&#8243; width=&#8220;100%&#8220; custom_margin=&#8220;||-5px|||&#8220; custom_padding=&#8220;0px||0px|||&#8220; global_colors_info=&#8220;{}&#8220;][et_pb_row column_structure=&#8220;1_3,2_3&#8243; use_custom_gutter=&#8220;on&#8220; gutter_width=&#8220;1&#8243; make_equal=&#8220;on&#8220; _builder_version=&#8220;4.24.0&#8243; width=&#8220;100%&#8220; max_width=&#8220;100%&#8220; max_width_tablet=&#8220;&#8220; max_width_phone=&#8220;&#8220; max_width_last_edited=&#8220;on|desktop&#8220; module_alignment=&#8220;center&#8220; custom_margin=&#8220;|auto|9px|auto||&#8220; custom_padding=&#8220;0px||0px|||&#8220; global_colors_info=&#8220;{}&#8220;][et_pb_column type=&#8220;1_3&#8243; _builder_version=&#8220;4.16&#8243; background_enable_color=&#8220;off&#8220; custom_css_main_element=&#8220;display: flex;||flex-direction: column;||justify-content: center;&#8220; global_colors_info=&#8220;{}&#8220;][et_pb_text _builder_version=&#8220;4.27.3&#8243; text_font=&#8220;Ubuntu|300|||||||&#8220; text_text_color=&#8220;#000000&#8243; text_orientation=&#8220;center&#8220; custom_margin=&#8220;||||false|false&#8220; custom_padding=&#8220;|15%||15%|false|false&#8220; text_font_size_tablet=&#8220;&#8220; text_font_size_phone=&#8220;15px&#8220; text_font_size_last_edited=&#8220;on|phone&#8220; custom_css_main_element=&#8220;align-items: center;&#8220; global_colors_info=&#8220;{}&#8220;]<\/p>\n<p>Am 14. M\u00e4rz 2026 messen sich die eifrigsten Skifahrer und Snowboarder aus Slowenien und dem Ausland im Ausdauerwettbewerb <em>Downhilka 12h Challenge<\/em>! Am Wettbewerb k\u00f6nnen sowohl Hobby- als auch Profiskifahrer und -snowboarder \u00fcber 18 Jahren teilnehmen.<\/p>\n<p>[\/et_pb_text][\/et_pb_column][et_pb_column type=&#8220;2_3&#8243; _builder_version=&#8220;4.16&#8243; background_enable_video_mp4=&#8220;off&#8220; background_last_edited=&#8220;on|desktop&#8220; global_colors_info=&#8220;{}&#8220;][et_pb_code _builder_version=&#8220;4.27.3&#8243; _module_preset=&#8220;default&#8220; locked=&#8220;off&#8220; global_colors_info=&#8220;{}&#8220;]<iframe loading=\"lazy\" title=\"vimeo-player\" src=\"https:\/\/player.vimeo.com\/video\/1038350587?autoplay=1&#038;muted=1&#038;loop=1\" width=\"640\" height=\"360\" frameborder=\"0\"    allowfullscreen><\/iframe>[\/et_pb_code][\/et_pb_column][\/et_pb_row][\/et_pb_section][et_pb_section fb_built=&#8220;1&#8243; _builder_version=&#8220;4.16&#8243; background_color=&#8220;#ffffff&#8220; custom_margin=&#8220;-3px|||||&#8220; custom_padding=&#8220;0px||0px||false|false&#8220; global_colors_info=&#8220;{}&#8220;][et_pb_row column_structure=&#8220;1_4,1_2,1_4&#8243; _builder_version=&#8220;4.16&#8243; width=&#8220;100%&#8220; max_width=&#8220;1920px&#8220; global_colors_info=&#8220;{}&#8220;][et_pb_column type=&#8220;1_4&#8243; _builder_version=&#8220;4.16&#8243; global_colors_info=&#8220;{}&#8220;][\/et_pb_column][et_pb_column type=&#8220;1_2&#8243; _builder_version=&#8220;4.16&#8243; global_colors_info=&#8220;{}&#8220;][et_pb_text admin_label=&#8220;Text&#8220; _builder_version=&#8220;4.27.3&#8243; text_font=&#8220;Ubuntu|300|||||||&#8220; text_font_size_tablet=&#8220;&#8220; text_font_size_phone=&#8220;15px&#8220; text_font_size_last_edited=&#8220;on|phone&#8220; global_colors_info=&#8220;{}&#8220;]<\/p>\n<p style=\"text-align: center;\">Mach mit, fahre so viele Runden wie m\u00f6glich und k\u00e4mpfe um den Sieg. Vergiss nicht: Jede gefahrene Runde bringt einen Euro f\u00fcr wohlt\u00e4tige Zwecke!<\/p>\n<p>[\/et_pb_text][\/et_pb_column][et_pb_column type=&#8220;1_4&#8243; _builder_version=&#8220;4.16&#8243; global_colors_info=&#8220;{}&#8220;][\/et_pb_column][\/et_pb_row][\/et_pb_section][et_pb_section fb_built=&#8220;1&#8243; _builder_version=&#8220;4.16&#8243; custom_padding=&#8220;0px||0px|||&#8220; global_colors_info=&#8220;{}&#8220;][et_pb_row column_structure=&#8220;1_4,1_4,1_4,1_4&#8243; use_custom_gutter=&#8220;on&#8220; gutter_width=&#8220;1&#8243; make_equal=&#8220;on&#8220; _builder_version=&#8220;4.16&#8243; width=&#8220;100%&#8220; max_width=&#8220;100%&#8220; max_width_tablet=&#8220;&#8220; max_width_phone=&#8220;&#8220; max_width_last_edited=&#8220;on|desktop&#8220; custom_margin=&#8220;|auto||auto|false|false&#8220; custom_padding=&#8220;0px||0px|||&#8220; global_colors_info=&#8220;{}&#8220;][et_pb_column type=&#8220;1_4&#8243; _builder_version=&#8220;4.16&#8243; background_color=&#8220;rgba(0,0,0,0)&#8220; global_colors_info=&#8220;{}&#8220;][et_pb_image src=&#8220;https:\/\/downhilka.si\/wp-content\/uploads\/2024\/12\/Web_PRIJAVA_NEM.webp&#8220; title_text=&#8220;Web_PRIJAVA_NEM&#8220; url=&#8220;https:\/\/downhilka.si\/tekma\/prijave\/&#8220; _builder_version=&#8220;4.27.3&#8243; global_colors_info=&#8220;{}&#8220;][\/et_pb_image][\/et_pb_column][et_pb_column type=&#8220;1_4&#8243; _builder_version=&#8220;4.16&#8243; background_color=&#8220;rgba(0,0,0,0)&#8220; global_colors_info=&#8220;{}&#8220;][et_pb_image src=&#8220;https:\/\/downhilka.si\/wp-content\/uploads\/2024\/12\/Web_PRIHOD_NEM.webp&#8220; title_text=&#8220;Web_PRIHOD_NEM&#8220; url=&#8220;https:\/\/downhilka.si\/tekma\/prihod\/&#8220; _builder_version=&#8220;4.27.3&#8243; global_colors_info=&#8220;{}&#8220;][\/et_pb_image][\/et_pb_column][et_pb_column type=&#8220;1_4&#8243; _builder_version=&#8220;4.16&#8243; background_color=&#8220;rgba(0,0,0,0)&#8220; global_colors_info=&#8220;{}&#8220;][et_pb_image src=&#8220;https:\/\/downhilka.si\/wp-content\/uploads\/2024\/12\/Web_PROGRAM-1.webp&#8220; title_text=&#8220;Web_PROGRAM&#8220; url=&#8220;https:\/\/downhilka.si\/tekma\/program\/&#8220; _builder_version=&#8220;4.27.3&#8243; global_colors_info=&#8220;{}&#8220;][\/et_pb_image][\/et_pb_column][et_pb_column type=&#8220;1_4&#8243; _builder_version=&#8220;4.16&#8243; background_color=&#8220;rgba(0,0,0,0)&#8220; global_colors_info=&#8220;{}&#8220;][et_pb_image src=&#8220;https:\/\/downhilka.si\/wp-content\/uploads\/2024\/12\/Web_NASTANITEV_NEM.webp&#8220; title_text=&#8220;Web_NASTANITEV_NEM&#8220; url=&#8220;https:\/\/downhilka.si\/namestitev\/&#8220; _builder_version=&#8220;4.27.3&#8243; global_colors_info=&#8220;{}&#8220;][\/et_pb_image][\/et_pb_column][\/et_pb_row][\/et_pb_section][et_pb_section fb_built=&#8220;1&#8243; admin_label=&#8220;FOOTER_NEM_GLOBAL&#8220; _builder_version=&#8220;4.27.3&#8243; background_color=&#8220;rgba(62,181,241,0.37)&#8220; background_enable_color=&#8220;off&#8220; background_image=&#8220;https:\/\/downhilka.si\/wp-content\/uploads\/2024\/11\/Petzen-Winter-2023-background-60.webp&#8220; width=&#8220;100%&#8220; min_height=&#8220;134px&#8220; height=&#8220;100%&#8220; max_height=&#8220;100%&#8220; custom_margin=&#8220;||-5px|||&#8220; custom_padding=&#8220;||0px|||&#8220; global_module=&#8220;7897&#8243; saved_tabs=&#8220;all&#8220; locked=&#8220;off&#8220; global_colors_info=&#8220;{}&#8220;][et_pb_row column_structure=&#8220;1_3,1_3,1_3&#8243; use_custom_gutter=&#8220;on&#8220; gutter_width=&#8220;1&#8243; make_equal=&#8220;on&#8220; _builder_version=&#8220;4.16&#8243; background_enable_color=&#8220;off&#8220; width=&#8220;100%&#8220; custom_margin=&#8220;50px||||false|false&#8220; global_colors_info=&#8220;{}&#8220;][et_pb_column type=&#8220;1_3&#8243; _builder_version=&#8220;4.16&#8243; border_width_left=&#8220;2px&#8220; border_color_left=&#8220;#3eb5f1&#8243; global_colors_info=&#8220;{}&#8220;][et_pb_text content_tablet=&#8220;<\/p>\n<p><img class=%22aligncenter%22 src=%22https:\/\/downhilka.si\/wp-content\/uploads\/2024\/01\/DH12-LOGO-02_NEG-2024.png%22 alt=%22Downhilka.si%22 width=%22257%22 height=%2295%22 \/><\/p>\n<p style=%22color: white;%22><strong>M:<\/strong> <a href=%22callto:+386 40 590 426%22>+386 40 590 426<\/a><br \/><strong>E-Mail:<\/strong> <a href=%22mailto:info@downhilka.si%22>info@downhilka.si<\/a><br \/><a href=%22\/kontakt%22>Kontaktni obrazec<\/a><\/p>\n<p>&#8220; content_phone=&#8220;&#8220; content_last_edited=&#8220;on|phone&#8220; _builder_version=&#8220;4.27.3&#8243; text_font=&#8220;||||||||&#8220; custom_padding=&#8220;|||5%|false|false&#8220; hover_enabled=&#8220;0&#8243; global_colors_info=&#8220;{}&#8220; sticky_enabled=&#8220;0&#8243;]<img loading=\"lazy\" decoding=\"async\" src=\"https:\/\/downhilka.si\/wp-content\/uploads\/2025\/10\/DH12_2026_NEGATIV1-png.webp\" alt=\"Downhilka.si\" width=\"257\" height=\"95\" \/><\/p>\n<p style=\"color: white;\"><strong>M:<\/strong>\u00a0<a href=\"callto:+386 40 590 426\">+386 40 590 426<\/a><br \/>\nE-Mail: <a href=\"mailto:info@downhilka.si\">info@downhilka.si<\/a><br \/>\n<a href=\"https:\/\/downhilka.si\/kontakt\/\">Kontaktformular<\/a><\/p>\n<p>[\/et_pb_text][\/et_pb_column][et_pb_column type=&#8220;1_3&#8243; _builder_version=&#8220;4.16&#8243; border_width_left=&#8220;2px&#8220; border_color_left=&#8220;#3eb5f1&#8243; global_colors_info=&#8220;{}&#8220;][et_pb_text _builder_version=&#8220;4.27.3&#8243; text_font=&#8220;Ubuntu||||||||&#8220; header_font=&#8220;Ubuntu|700|||||||&#8220; header_text_align=&#8220;left&#8220; header_text_color=&#8220;#ffffff&#8220; custom_margin_tablet=&#8220;30px||||false|false&#8220; custom_margin_phone=&#8220;30px||||false|false&#8220; custom_margin_last_edited=&#8220;on|phone&#8220; custom_padding=&#8220;|||5%|false|false&#8220; global_colors_info=&#8220;{}&#8220;]<\/p>\n<h3 style=\"color: white;\">N\u00dcTZLICHES<\/h3>\n<p><a href=\"https:\/\/downhilka.si\/akreditacija\/novice\/\">Nachrichten<\/a><br \/><a href=\"https:\/\/downhilka.si\/de\/wettbewerb\/anmeldung\/\">Anmeldungen<\/a><br \/><a href=\"https:\/\/downhilka.si\/de\/wettbewerbsregeln\/\">Wettbewerbsregeln<\/a><br \/><a href=\"https:\/\/downhilka.si\/pogoji-poslovanja\/\">Allgemeine Gesch\u00e4ftsbedingungen<\/a><\/p>\n<p><center><a href=\"https:\/\/www.facebook.com\/Downhilka-12h-Challenge-105032810977431\/\" target=\"_blank\" rel=\"noopener noreferrer\"><img loading=\"lazy\" decoding=\"async\" class=\"alignnone\" src=\"https:\/\/downhilka.si\/wp-content\/uploads\/2019\/12\/fb_bel.png\" alt=\"Downhilka facebook\" width=\"42\" height=\"42\" \/><\/a>\u00a0\u00a0\u00a0\u00a0<a href=\"https:\/\/www.instagram.com\/dh12h_challenge\/\" target=\"_blank\" rel=\"noopener noreferrer\"><img loading=\"lazy\" decoding=\"async\" class=\"alignnone\" src=\"https:\/\/downhilka.si\/wp-content\/uploads\/2019\/12\/ig_bel.png\" alt=\"Downhilka instagram\" width=\"42\" height=\"42\" \/><\/a><\/center><\/p>\n<p>&nbsp;<\/p>\n<p>[\/et_pb_text][\/et_pb_column][et_pb_column type=&#8220;1_3&#8243; _builder_version=&#8220;4.16&#8243; border_width_left=&#8220;2px&#8220; border_color_left=&#8220;#3eb5f1&#8243; global_colors_info=&#8220;{}&#8220;][et_pb_text content_tablet=&#8220;<\/p>\n<p><img class=%22aligncenter%22 src=%22https:\/\/downhilka.si\/wp-content\/uploads\/2024\/01\/DH12-LOGO-02_NEG-2024.png%22 alt=%22Downhilka.si%22 width=%22257%22 height=%2295%22 \/><\/p>\n<p><img class=%22aligncenter%22 src=%22https:\/\/downhilka.si\/wp-content\/uploads\/2024\/01\/DH12-LOGO-04_NEG-2024.png%22 alt=%22Downhilka.si%22 width=%22257%22 height=%2295%22 \/><\/p>\n<p>&#8220; content_phone=&#8220;&#8220; content_last_edited=&#8220;on|tablet&#8220; _builder_version=&#8220;4.27.3&#8243; text_font=&#8220;Ubuntu||||||||&#8220; header_font=&#8220;Ubuntu|700|||||||&#8220; header_text_align=&#8220;left&#8220; header_text_color=&#8220;#ffffff&#8220; custom_margin_tablet=&#8220;30px||||false|false&#8220; custom_margin_phone=&#8220;30px||||false|false&#8220; custom_margin_last_edited=&#8220;on|desktop&#8220; custom_padding=&#8220;|||5%|false|false&#8220; hover_enabled=&#8220;0&#8243; global_colors_info=&#8220;{}&#8220; sticky_enabled=&#8220;0&#8243;]<img loading=\"lazy\" decoding=\"async\" src=\"https:\/\/downhilka.si\/wp-content\/uploads\/2025\/10\/DH12_2026_NEGATIV1-png.webp\" alt=\"Downhilka.si\" width=\"257\" height=\"95\" \/><\/p>\n<p><img loading=\"lazy\" decoding=\"async\" class=\"alignnone\" src=\"https:\/\/downhilka.si\/wp-content\/uploads\/2025\/10\/Napis_NEM_Bel_2026-png.webp\" alt=\"Downhilka.si\" width=\"257\" height=\"95\" \/>[\/et_pb_text][\/et_pb_column][\/et_pb_row][et_pb_row column_structure=&#8220;1_5,3_5,1_5&#8243; _builder_version=&#8220;4.16&#8243; width=&#8220;100%&#8220; max_width=&#8220;100%&#8220; custom_padding=&#8220;||3px|||&#8220; global_colors_info=&#8220;{}&#8220;][et_pb_column type=&#8220;1_5&#8243; _builder_version=&#8220;4.16&#8243; global_colors_info=&#8220;{}&#8220;][\/et_pb_column][et_pb_column type=&#8220;3_5&#8243; _builder_version=&#8220;4.16&#8243; global_colors_info=&#8220;{}&#8220;][et_pb_text _builder_version=&#8220;4.16&#8243; text_text_color=&#8220;#ffffff&#8220; text_font_size=&#8220;14px&#8220; custom_margin=&#8220;||-5px|||&#8220; global_colors_info=&#8220;{}&#8220;]<\/p>\n<p style=\"text-align: center;\">DOWNHILKA.SI &#8211; ALL RIGHTS RESERVED<\/p>\n<p>[\/et_pb_text][\/et_pb_column][et_pb_column type=&#8220;1_5&#8243; _builder_version=&#8220;4.16&#8243; global_colors_info=&#8220;{}&#8220;][et_pb_text _builder_version=&#8220;4.27.3&#8243; text_font=&#8220;Ubuntu|300|||||||&#8220; text_text_color=&#8220;#ffffff&#8220; text_font_size=&#8220;15px&#8220; text_orientation=&#8220;right&#8220; custom_margin=&#8220;|30px|||false|false&#8220; filter_opacity=&#8220;55%&#8220; global_colors_info=&#8220;{}&#8220;]<\/p>\n<p style=\"text-align: right;\"><em>foto: Hofmann<\/em><\/p>\n<p>[\/et_pb_text][\/et_pb_column][\/et_pb_row][\/et_pb_section]<\/p>\n","protected":false},"excerpt":{"rendered":"<p>12-STUNDEN-AUSDAUERTEST bei dem Skifahrer und Snowboarder auf Peca (Petzen) ihre F\u00e4higkeiten testen.Die Downhilka wird unter der Schirmherrschaft der slowenischen Skimeisterin, zweifachen Abfahrtsweltmeisterin, Ilka \u0160tuhec stattfinden!Alle angemeldeten Teilnehmer, die die Startgeb\u00fchr f\u00fcr den \u201eDownhilka 12h Challenge\u201c auf der Petzen bezahlt haben, k\u00f6nnen vom 1. Februar bis einschlie\u00dflich 13. M\u00e4rz 2026 2 tage zu einem erm\u00e4\u00dfigten Preis [&hellip;]<\/p>\n","protected":false},"author":1,"featured_media":0,"parent":0,"menu_order":0,"comment_status":"closed","ping_status":"closed","template":"","meta":{"_et_pb_use_builder":"on","_et_pb_old_content":"","_et_gb_content_width":"","ngg_post_thumbnail":0,"footnotes":""},"class_list":["post-7641","page","type-page","status-publish","hentry"],"_links":{"self":[{"href":"https:\/\/downhilka.si\/de\/wp-json\/wp\/v2\/pages\/7641","targetHints":{"allow":["GET"]}}],"collection":[{"href":"https:\/\/downhilka.si\/de\/wp-json\/wp\/v2\/pages"}],"about":[{"href":"https:\/\/downhilka.si\/de\/wp-json\/wp\/v2\/types\/page"}],"author":[{"embeddable":true,"href":"https:\/\/downhilka.si\/de\/wp-json\/wp\/v2\/users\/1"}],"replies":[{"embeddable":true,"href":"https:\/\/downhilka.si\/de\/wp-json\/wp\/v2\/comments?post=7641"}],"version-history":[{"count":17,"href":"https:\/\/downhilka.si\/de\/wp-json\/wp\/v2\/pages\/7641\/revisions"}],"predecessor-version":[{"id":11719,"href":"https:\/\/downhilka.si\/de\/wp-json\/wp\/v2\/pages\/7641\/revisions\/11719"}],"wp:attachment":[{"href":"https:\/\/downhilka.si\/de\/wp-json\/wp\/v2\/media?parent=7641"}],"curies":[{"name":"wp","href":"https:\/\/api.w.org\/{rel}","templated":true}]}}